{"id":20541,"date":"2023-01-19T14:50:33","date_gmt":"2023-01-19T13:50:33","guid":{"rendered":"\/?page_id=20541"},"modified":"2024-08-21T10:12:23","modified_gmt":"2024-08-21T08:12:23","slug":"eduroam-2","status":"publish","type":"page","link":"https:\/\/www.ino.cnr.it\/?page_id=20541","title":{"rendered":"Eduroam"},"content":{"rendered":"<p><a href=\"https:\/\/www.eduroam.it\"><img loading=\"lazy\" decoding=\"async\" class=\"size-full wp-image-20542 alignright\" src=\"\/wp-content\/uploads\/2023\/01\/eduroam_logo.png\" alt=\"\" width=\"450\" height=\"195\" srcset=\"https:\/\/www.ino.cnr.it\/wp-content\/uploads\/2023\/01\/eduroam_logo.png 450w, https:\/\/www.ino.cnr.it\/wp-content\/uploads\/2023\/01\/eduroam_logo-260x113.png 260w, https:\/\/www.ino.cnr.it\/wp-content\/uploads\/2023\/01\/eduroam_logo-50x22.png 50w, https:\/\/www.ino.cnr.it\/wp-content\/uploads\/2023\/01\/eduroam_logo-150x65.png 150w, https:\/\/www.ino.cnr.it\/wp-content\/uploads\/2023\/01\/eduroam_logo-24x10.png 24w, https:\/\/www.ino.cnr.it\/wp-content\/uploads\/2023\/01\/eduroam_logo-36x16.png 36w, https:\/\/www.ino.cnr.it\/wp-content\/uploads\/2023\/01\/eduroam_logo-48x21.png 48w\" sizes=\"auto, (max-width:767px) 450px, 450px\" \/><\/a><\/p>\n<p><b>eduroam<\/b>\u00a0(acronimo di\u00a0<i>EDUcation ROAMing<\/i>) \u00e8 un servizio internazionale di\u00a0roaming\u00a0per persone che lavorano nella ricerca e nell&#8217;istruzione superiore.<\/p>\n<p>Fornisce a ricercatori, insegnanti e studenti accesso facile e sicuro alla rete quando visitano istituzioni diverse da quella in cui lavorano. L&#8217;autenticazione degli utenti \u00e8 eseguita dalla loro istituzione di origine, usando le stesse credenziali fornite da essa, mentre l&#8217;autorizzazione all&#8217;accesso a Internet e ad altre risorse \u00e8 gestita dall&#8217;istituzione ospite. Non \u00e8 richiesto alcun pagamento per l&#8217;utilizzo di eduroam. Il servizio \u00e8 fornito a livello locale dalle istituzioni partecipanti (universit\u00e0, istituti di ricerca ecc.), mentre a livello nazionale \u00e8 organizzato dagli operatori del paese. A livello globale, il servizio eduroam \u00e8 gestito da\u00a0<a class=\"new\" title=\"TERENA (la pagina non esiste)\" href=\"https:\/\/it.wikipedia.org\/w\/index.php?title=TERENA&amp;action=edit&amp;redlink=1\">TERENA<\/a>, che \u00e8 anche proprietaria del marchio eduroam.\u00a0In Italia, la federazione \u00e8 coordinata dal <strong>GARR<\/strong> che la rappresenta presso le altre federazioni e confederazioni. <strong>Cnr &#8211; Istituto Nazionale di Ottica<\/strong> aderisce come Resource Provider.<\/p>\n<p><strong>Stato del servizio:<\/strong> Attivo<\/p>\n<p><strong>Regole di utilizzo della rete:<\/strong> <a href=\"https:\/\/www.garr.it\/it\/regole-di-utilizzo-della-rete-aup\">ACCEPTABLE USE POLICY &#8211; AUP<\/a><\/p>\n<p style=\"text-align: left;\"><strong>Nome SSID:<\/strong> eduroam-ino<\/p>\n<p style=\"text-align: left;\"><strong>Aree coperte:<\/strong><\/p>\n<ul>\n<li>Largo E. Fermi, 6, Firenze<\/li>\n<li>Viale Filippo Strozzi, 1, Firenze<\/li>\n<\/ul>\n<p><strong>Servizi disponibili:<\/strong><\/p>\n<ul>\n<li>accesso a rete pubblica<\/li>\n<\/ul>\n<p><strong>Riferimenti Resource Provider locale:<\/strong><\/p>\n<ul>\n<li>Marco Raffaelli<\/li>\n<li>Andrea Sordini<\/li>\n<\/ul>\n<p>&nbsp;<\/p>\n<p>&nbsp;<\/p>\n<p>&nbsp;<\/p>\n","protected":false},"excerpt":{"rendered":"<p>eduroam\u00a0(acronimo di\u00a0EDUcation ROAMing) \u00e8 un servizio internazionale di\u00a0roaming\u00a0per persone che lavorano nella ricerca e nell&#8217;istruzione superiore. Fornisce a ricercatori, insegnanti e studenti accesso facile e sicuro<span class=\"excerpt-hellip\"> [\u2026]<\/span><\/p>\n","protected":false},"author":1,"featured_media":0,"parent":0,"menu_order":0,"comment_status":"closed","ping_status":"closed","template":"","meta":{"footnotes":""},"class_list":["post-20541","page","type-page","status-publish","hentry"],"_links":{"self":[{"href":"https:\/\/www.ino.cnr.it\/index.php?rest_route=\/wp\/v2\/pages\/20541","targetHints":{"allow":["GET"]}}],"collection":[{"href":"https:\/\/www.ino.cnr.it\/index.php?rest_route=\/wp\/v2\/pages"}],"about":[{"href":"https:\/\/www.ino.cnr.it\/index.php?rest_route=\/wp\/v2\/types\/page"}],"author":[{"embeddable":true,"href":"https:\/\/www.ino.cnr.it\/index.php?rest_route=\/wp\/v2\/users\/1"}],"replies":[{"embeddable":true,"href":"https:\/\/www.ino.cnr.it\/index.php?rest_route=%2Fwp%2Fv2%2Fcomments&post=20541"}],"version-history":[{"count":7,"href":"https:\/\/www.ino.cnr.it\/index.php?rest_route=\/wp\/v2\/pages\/20541\/revisions"}],"predecessor-version":[{"id":20628,"href":"https:\/\/www.ino.cnr.it\/index.php?rest_route=\/wp\/v2\/pages\/20541\/revisions\/20628"}],"wp:attachment":[{"href":"https:\/\/www.ino.cnr.it\/index.php?rest_route=%2Fwp%2Fv2%2Fmedia&parent=20541"}],"curies":[{"name":"wp","href":"https:\/\/api.w.org\/{rel}","templated":true}]}}