{"id":18924,"date":"2019-01-16T14:07:24","date_gmt":"2019-01-16T13:07:24","guid":{"rendered":"\/?page_id=18924"},"modified":"2024-08-21T11:04:29","modified_gmt":"2024-08-21T09:04:29","slug":"14607-2","status":"publish","type":"page","link":"https:\/\/www.ino.cnr.it\/?page_id=18924","title":{"rendered":"Privacy GDPR 2016\/679"},"content":{"rendered":"<p>La presente Privacy Policy \u00e8 resa nel rispetto dell\u2019articolo 13 del GDPR 2016\/679 (General Data Protection Regulation, Regolamento europeo in materia di protezione dei dati personali), della Raccomandazione n. 2\/2001 del Gruppo di lavoro ex art. 29 e del Provvedimento generale del Garante Privacy in materia di cookie dell\u20198 maggio 2014, n. 229.<\/p>\n<p>&nbsp;<\/p>\n<h4><strong>Finalit\u00e0 e trattamento dei dati<\/strong><\/h4>\n<p>In questa sezione sono contenute le informazioni relative alle modalit\u00e0 di gestione del CNR-INO in riferimento al trattamento dei dati degli utenti di <a href=\"http:\/\/www.ino.cnr.it\">www.ino.cnr.it<\/a>.<\/p>\n<p>La presente informativa \u00e8 resa solo per il portale del CNR-INO (<a href=\"http:\/\/www.ino.cnr.it\">www.ino.cnr.it<\/a>) e non anche per altri siti web eventualmente raggiunti dall&#8217;utente tramite link.<\/p>\n<p>Alcune pagine possono richiedere dati personali: si informa che il loro mancato conferimento pu\u00f2 comportare l\u2019impossibilit\u00e0 di raggiungere le finalit\u00e0 cui il trattamento \u00e8 connesso.<\/p>\n<p>Ai sensi dell&#8217;art. 13 del Regolamento UE 2016\/679, si informa che il trattamento dei dati personali effettuato tramite <a href=\"http:\/\/www.ino.cnr.it\">www.ino.cnr.it<\/a> attiene esclusivamente ai dati personali acquisiti in relazione al raggiungimento dei fini istituzionali dell\u2019Ente, o comunque connessi all\u2019esercizio dei compiti di interesse pubblico e all\u2019esercizio di pubblici poteri cui \u00e8 chiamato, incluse le finalit\u00e0 di ricerca scientifica ed analisi per scopi statistici, di didattica e di amministrazione, ai sensi dell\u2019art. 6, comma 1, lett. e) e, in particolare, al fine di fornire e migliorare i servizi web offerti.<\/p>\n<p>Tali dati personali sono trattati in modo lecito, corretto, pertinente, limitato a quanto necessario al raggiungimento delle finalit\u00e0 del trattamento, per il solo tempo necessario a conseguire gli scopi per cui sono stati raccolti e comunque in conformit\u00e0 ai principi indicati nell\u2019art. 5 del Regolamento UE 2016\/679.<\/p>\n<p>Specifiche misure di sicurezza sono osservate per prevenire la perdita dei dati, usi illeciti o non corretti ed accessi non autorizzati.<\/p>\n<p>&nbsp;<\/p>\n<h4><strong>Diritti degli interessati<\/strong><\/h4>\n<p>Gli interessati hanno il diritto di chiedere al titolare del trattamento l&#8217;accesso ai dati personali e la rettifica o la cancellazione degli stessi o la limitazione del trattamento che li riguarda o di opporsi al trattamento secondo quanto previsto dagli art. 15 e ss. del Regolamento UE 2016\/679.<\/p>\n<p>Agli interessati, ricorrendone i presupposti, \u00e8 riconosciuto altres\u00ec il diritto di proporre reclamo al Garante quale autorit\u00e0 di controllo.<\/p>\n<p>Ai sensi del Reg. 2016\/679, il Titolare del trattamento dati \u00e8 il CNR \u2013 Consiglio Nazionale delle Ricerche con sede legale a Roma, Piazzale Aldo Moro 7, 00185 Roma, Italia.<\/p>\n<p>Ai sensi del Reg. 2016\/679, Responsabile del trattamento dei dati personali effettuato tramite www.ino.cnr.it \u00e8 il Direttore CNR-INO, contattabile al seguente indirizzo mail:\u00a0<a href=\"mailto:direttore.@ino.cnr.it\" target=\"_blank\" rel=\"noopener\">direttore@ino.cnr.it<\/a>.\u00a0L\u2019interessato ha diritto a presentare la propria istanza, ove possibile, di rimozione o modifica del trattamento dati personali, scrivendo a <a class=\"moz-txt-link-abbreviated\" href=\"mailto:privacy.gdpr@ino.cnr.it\">privacy.gdpr@ino.cnr.it.<\/a><\/p>\n<p>Ai sensi degli artt. 37 e ss. del predetto Regolamento relativo alla protezione delle persone fisiche con riguardo al trattamento dei dati, il CNR con provvedimento 46\/2018 del 21\/05\/2018 ha designato il Responsabile per la Protezione dei Dati (RPD o DPO), email: <a href=\"mailto:rpd@cnr.it\">rpd@cnr.it<\/a>.<\/p>\n<p>&nbsp;<\/p>\n<h4><strong>Informazioni di contatto<\/strong><\/h4>\n<p>Responsabile per la Protezione dei Dati (RPD o DPO): <a href=\"mailto:rpd@cnr.it\">rpd@cnr.it<\/a><\/p>\n<p>Responsabile del Trattamento dei Dati personali: \u00a0<a href=\"mailto:direttore@ino.cnr.it\">direttore@ino.cnr.it<\/a><\/p>\n<p>Riferimenti del Garante per la protezione dei dati personali: <a href=\"https:\/\/www.garanteprivacy.it\">https:\/\/www.garanteprivacy.it<\/a><\/p>\n<p>&nbsp;<\/p>\n<h4><strong>Documentazione<\/strong><\/h4>\n<p><a href=\"\/wp-content\/uploads\/2021\/12\/Linee-guida.pdf\">1) Linee Guida<\/a><br \/>\n<a href=\"\/wp-content\/uploads\/2021\/12\/Informative-Green-Pass.zip\">2) Informative Green Pass<\/a><\/p>\n","protected":false},"excerpt":{"rendered":"<p>La presente Privacy Policy \u00e8 resa nel rispetto dell\u2019articolo 13 del GDPR 2016\/679 (General Data Protection Regulation, Regolamento europeo in materia di protezione dei dati personali),<span class=\"excerpt-hellip\"> [\u2026]<\/span><\/p>\n","protected":false},"author":1,"featured_media":0,"parent":0,"menu_order":0,"comment_status":"closed","ping_status":"closed","template":"","meta":{"footnotes":""},"class_list":["post-18924","page","type-page","status-publish","hentry"],"_links":{"self":[{"href":"https:\/\/www.ino.cnr.it\/index.php?rest_route=\/wp\/v2\/pages\/18924","targetHints":{"allow":["GET"]}}],"collection":[{"href":"https:\/\/www.ino.cnr.it\/index.php?rest_route=\/wp\/v2\/pages"}],"about":[{"href":"https:\/\/www.ino.cnr.it\/index.php?rest_route=\/wp\/v2\/types\/page"}],"author":[{"embeddable":true,"href":"https:\/\/www.ino.cnr.it\/index.php?rest_route=\/wp\/v2\/users\/1"}],"replies":[{"embeddable":true,"href":"https:\/\/www.ino.cnr.it\/index.php?rest_route=%2Fwp%2Fv2%2Fcomments&post=18924"}],"version-history":[{"count":5,"href":"https:\/\/www.ino.cnr.it\/index.php?rest_route=\/wp\/v2\/pages\/18924\/revisions"}],"predecessor-version":[{"id":20521,"href":"https:\/\/www.ino.cnr.it\/index.php?rest_route=\/wp\/v2\/pages\/18924\/revisions\/20521"}],"wp:attachment":[{"href":"https:\/\/www.ino.cnr.it\/index.php?rest_route=%2Fwp%2Fv2%2Fmedia&parent=18924"}],"curies":[{"name":"wp","href":"https:\/\/api.w.org\/{rel}","templated":true}]}}